{"id":47,"date":"2014-04-03T19:54:07","date_gmt":"2014-04-03T17:54:07","guid":{"rendered":"http:\/\/www.manuelraabfaber.de\/?page_id=47"},"modified":"2022-02-08T21:30:03","modified_gmt":"2022-02-08T20:30:03","slug":"impressum-disclaimer","status":"publish","type":"page","link":"https:\/\/www.manuelraabfaber.de\/index.php\/impressum-disclaimer\/","title":{"rendered":"Impressum &#038; Disclaimer"},"content":{"rendered":"<p class=\"p1\"><strong>Angaben gem\u00e4\u00df \u00a7 5 TMG:<\/strong><\/p>\n<p class=\"p2\">Manuel Raab-Faber<\/p>\n<p class=\"p2\">Kolpingstra\u00dfe 2<\/p>\n<p class=\"p2\">35614 A\u00dflar<\/p>\n<p>&nbsp;<\/p>\n<p class=\"p1\"><strong>Kontakt:<\/strong><\/p>\n<p class=\"p2\">E-Mail: kontakt@ manuelraabfaber.de<\/p>\n<p>Tel.: (0)6441\/3095218<\/p>\n<p>&nbsp;<\/p>\n<p class=\"p1\"><strong>Umsatzsteuer:<\/strong><\/p>\n<p class=\"p2\">Umsatzsteuer-Identifikationsnummer gem\u00e4\u00df \u00a727 a Umsatzsteuergesetz:<\/p>\n<p class=\"p2\">DE295887969<\/p>\n<p>&nbsp;<\/p>\n<p class=\"p1\"><strong>Verantwortlich fu\u0308r den Inhalt nach \u00a7 55 Abs. 2 RStV:<\/strong><\/p>\n<p class=\"p2\">Manuel Raab-Faber<\/p>\n<p class=\"p2\">Jahnstra\u00dfe 4<\/p>\n<p class=\"p2\">35614, A\u00dflar-Berghausen<\/p>\n<p>&nbsp;<\/p>\n<p class=\"p1\"><strong>Streitschlichtung<\/strong><\/p>\n<p class=\"p2\">Wir sind nicht bereit oder verpflichtet, an Streitbeilegungsverfahren vor einer<\/p>\n<p class=\"p2\">Verbraucherschlichtungsstelle teilzunehmen.<\/p>\n<p>&nbsp;<\/p>\n<p class=\"p1\"><strong>Haftung fu\u0308r Inhalte<\/strong><\/p>\n<p class=\"p2\">Als Diensteanbieter sind wir gem\u00e4\u00df \u00a7 7 Abs.1 TMG fu\u0308r eigene Inhalte auf diesen Seiten nach den<\/p>\n<p class=\"p2\">allgemeinen Gesetzen verantwortlich. Nach \u00a7\u00a7 8 bis 10 TMG sind wir als Diensteanbieter jedoch nicht<\/p>\n<p class=\"p2\">verpflichtet, u\u0308bermittelte oder gespeicherte fremde Informationen zu u\u0308berwachen oder nach Umst\u00e4nden<\/p>\n<p class=\"p2\">zu forschen, die auf eine rechtswidrige T\u00e4tigkeit hinweisen.<\/p>\n<p class=\"p2\">Verpflichtungen zur Entfernung oder Sperrung der Nutzung von Informationen nach den allgemeinen<\/p>\n<p class=\"p2\">Gesetzen bleiben hiervon unberu\u0308hrt. Eine diesbezu\u0308gliche Haftung ist jedoch erst ab dem Zeitpunkt der<\/p>\n<p class=\"p2\">Kenntnis einer konkreten Rechtsverletzung m\u00f6glich. Bei Bekanntwerden von entsprechenden<\/p>\n<p class=\"p2\">Rechtsverletzungen werden wir diese Inhalte umgehend entfernen.<\/p>\n<p>&nbsp;<\/p>\n<p class=\"p1\"><strong>Haftung fu\u0308r Links<\/strong><\/p>\n<p class=\"p2\">Unser Angebot enth\u00e4lt Links zu externen Websites Dritter, auf deren Inhalte wir keinen Einfluss haben.<\/p>\n<p class=\"p2\">Deshalb k\u00f6nnen wir fu\u0308r diese fremden Inhalte auch keine Gew\u00e4hr u\u0308bernehmen. Fu\u0308r die Inhalte der<\/p>\n<p class=\"p2\">verlinkten Seiten ist stets der jeweilige Anbieter oder Betreiber der Seiten verantwortlich. Die verlinkten<\/p>\n<p class=\"p2\">Seiten wurden zum Zeitpunkt der Verlinkung auf m\u00f6gliche Rechtsverst\u00f6\u00dfe u\u0308berpru\u0308ft. Rechtswidrige<\/p>\n<p class=\"p2\">Inhalte waren zum Zeitpunkt der Verlinkung nicht erkennbar.<\/p>\n<p class=\"p2\">Eine permanente inhaltliche Kontrolle der verlinkten Seiten ist jedoch ohne konkrete Anhaltspunkte einer<\/p>\n<p class=\"p2\">Rechtsverletzung nicht zumutbar. Bei Bekanntwerden von Rechtsverletzungen werden wir derartige Links<\/p>\n<p class=\"p2\">umgehend entfernen.<\/p>\n<p>&nbsp;<\/p>\n<p class=\"p1\"><strong>Urheberrecht<\/strong><\/p>\n<p class=\"p2\">Die durch die Seitenbetreiber erstellten Inhalte und Werke auf diesen Seiten unterliegen dem deutschen<\/p>\n<p class=\"p2\">Urheberrecht. Die Vervielf\u00e4ltigung, Bearbeitung, Verbreitung und jede Art der Verwertung au\u00dferhalb der<\/p>\n<p class=\"p2\">Grenzen des Urheberrechtes bedu\u0308rfen der schriftlichen Zustimmung des jeweiligen Autors bzw.<\/p>\n<p class=\"p2\">Erstellers. Downloads und Kopien dieser Seite sind nur fu\u0308r den privaten, nicht kommerziellen Gebrauch<\/p>\n<p class=\"p2\">gestattet.<\/p>\n<p>&nbsp;<\/p>\n<p class=\"p2\">Soweit die Inhalte auf dieser Seite nicht vom Betreiber erstellt wurden, werden die Urheberrechte Dritter<\/p>\n<p class=\"p2\">beachtet. Insbesondere werden Inhalte Dritter als solche gekennzeichnet. Sollten Sie trotzdem auf eine<\/p>\n<p class=\"p2\">Urheberrechtsverletzung aufmerksam werden, bitten wir um einen entsprechenden Hinweis. Bei<\/p>\n<p class=\"p2\">Bekanntwerden von Rechtsverletzungen werden wir derartige Inhalte umgehend entfernen.<\/p>\n<p class=\"p3\"><span class=\"s1\">Quelle: <\/span><a href=\"https:\/\/www.e-recht24.de\" target=\"_blank\" rel=\"noopener\">e-recht24.de<\/a><\/p>\n","protected":false},"excerpt":{"rendered":"<p>Angaben gem\u00e4\u00df \u00a7 5 TMG: Manuel Raab-Faber Kolpingstra\u00dfe 2 35614 A\u00dflar &nbsp; Kontakt: E-Mail: kontakt@ manuelraabfaber.de Tel.: (0)6441\/3095218 &nbsp; Umsatzsteuer: Umsatzsteuer-Identifikationsnummer gem\u00e4\u00df \u00a727 a Umsatzsteuergesetz: DE295887969 &nbsp; Verantwortlich fu\u0308r den Inhalt nach \u00a7 55 Abs. 2 RStV: Manuel Raab-Faber Jahnstra\u00dfe 4 35614, A\u00dflar-Berghausen &nbsp; Streitschlichtung Wir sind nicht bereit oder verpflichtet, an Streitbeilegungsverfahren vor einer [&hellip;]<\/p>\n","protected":false},"author":1,"featured_media":0,"parent":0,"menu_order":0,"comment_status":"closed","ping_status":"closed","template":"page-template-fullwidth.php","meta":{"_et_pb_use_builder":"","_et_pb_old_content":"","_et_gb_content_width":"","footnotes":""},"class_list":["post-47","page","type-page","status-publish","hentry"],"wppr_data":{"cwp_meta_box_check":"No"},"yoast_head":"<!-- This site is optimized with the Yoast SEO plugin v24.6 - https:\/\/yoast.com\/wordpress\/plugins\/seo\/ -->\n<title>Impressum &amp; Disclaimer - Manuel Raab-Faber<\/title>\n<meta name=\"robots\" content=\"index, follow, max-snippet:-1, max-image-preview:large, max-video-preview:-1\" \/>\n<link rel=\"canonical\" href=\"https:\/\/www.manuelraabfaber.de\/index.php\/impressum-disclaimer\/\" \/>\n<meta property=\"og:locale\" content=\"de_DE\" \/>\n<meta property=\"og:type\" content=\"article\" \/>\n<meta property=\"og:title\" content=\"Impressum &amp; Disclaimer - Manuel Raab-Faber\" \/>\n<meta property=\"og:description\" content=\"Angaben gem\u00e4\u00df \u00a7 5 TMG: Manuel Raab-Faber Kolpingstra\u00dfe 2 35614 A\u00dflar &nbsp; Kontakt: E-Mail: kontakt@ manuelraabfaber.de Tel.: (0)6441\/3095218 &nbsp; Umsatzsteuer: Umsatzsteuer-Identifikationsnummer gem\u00e4\u00df \u00a727 a Umsatzsteuergesetz: DE295887969 &nbsp; Verantwortlich fu\u0308r den Inhalt nach \u00a7 55 Abs. 2 RStV: Manuel Raab-Faber Jahnstra\u00dfe 4 35614, A\u00dflar-Berghausen &nbsp; Streitschlichtung Wir sind nicht bereit oder verpflichtet, an Streitbeilegungsverfahren vor einer [&hellip;]\" \/>\n<meta property=\"og:url\" content=\"https:\/\/www.manuelraabfaber.de\/index.php\/impressum-disclaimer\/\" \/>\n<meta property=\"og:site_name\" content=\"Manuel Raab-Faber\" \/>\n<meta property=\"article:publisher\" content=\"https:\/\/www.facebook.com\/manuelraabfaberde\" \/>\n<meta property=\"article:modified_time\" content=\"2022-02-08T20:30:03+00:00\" \/>\n<meta name=\"twitter:card\" content=\"summary_large_image\" \/>\n<meta name=\"twitter:site\" content=\"@manuelraabfaber\" \/>\n<meta name=\"twitter:label1\" content=\"Gesch\u00e4tzte Lesezeit\" \/>\n\t<meta name=\"twitter:data1\" content=\"2\u00a0Minuten\" \/>\n<script type=\"application\/ld+json\" class=\"yoast-schema-graph\">{\"@context\":\"https:\/\/schema.org\",\"@graph\":[{\"@type\":\"WebPage\",\"@id\":\"https:\/\/www.manuelraabfaber.de\/index.php\/impressum-disclaimer\/\",\"url\":\"https:\/\/www.manuelraabfaber.de\/index.php\/impressum-disclaimer\/\",\"name\":\"Impressum & Disclaimer - Manuel Raab-Faber\",\"isPartOf\":{\"@id\":\"https:\/\/www.manuelraabfaber.de\/#website\"},\"datePublished\":\"2014-04-03T17:54:07+00:00\",\"dateModified\":\"2022-02-08T20:30:03+00:00\",\"breadcrumb\":{\"@id\":\"https:\/\/www.manuelraabfaber.de\/index.php\/impressum-disclaimer\/#breadcrumb\"},\"inLanguage\":\"de\",\"potentialAction\":[{\"@type\":\"ReadAction\",\"target\":[\"https:\/\/www.manuelraabfaber.de\/index.php\/impressum-disclaimer\/\"]}]},{\"@type\":\"BreadcrumbList\",\"@id\":\"https:\/\/www.manuelraabfaber.de\/index.php\/impressum-disclaimer\/#breadcrumb\",\"itemListElement\":[{\"@type\":\"ListItem\",\"position\":1,\"name\":\"Startseite\",\"item\":\"https:\/\/www.manuelraabfaber.de\/\"},{\"@type\":\"ListItem\",\"position\":2,\"name\":\"Impressum &#038; Disclaimer\"}]},{\"@type\":\"WebSite\",\"@id\":\"https:\/\/www.manuelraabfaber.de\/#website\",\"url\":\"https:\/\/www.manuelraabfaber.de\/\",\"name\":\"Manuel Raab-Faber\",\"description\":\"Social Media | Bloggen | Optimierung\",\"potentialAction\":[{\"@type\":\"SearchAction\",\"target\":{\"@type\":\"EntryPoint\",\"urlTemplate\":\"https:\/\/www.manuelraabfaber.de\/?s={search_term_string}\"},\"query-input\":{\"@type\":\"PropertyValueSpecification\",\"valueRequired\":true,\"valueName\":\"search_term_string\"}}],\"inLanguage\":\"de\"}]}<\/script>\n<!-- \/ Yoast SEO plugin. -->","yoast_head_json":{"title":"Impressum & Disclaimer - Manuel Raab-Faber","robots":{"index":"index","follow":"follow","max-snippet":"max-snippet:-1","max-image-preview":"max-image-preview:large","max-video-preview":"max-video-preview:-1"},"canonical":"https:\/\/www.manuelraabfaber.de\/index.php\/impressum-disclaimer\/","og_locale":"de_DE","og_type":"article","og_title":"Impressum & Disclaimer - Manuel Raab-Faber","og_description":"Angaben gem\u00e4\u00df \u00a7 5 TMG: Manuel Raab-Faber Kolpingstra\u00dfe 2 35614 A\u00dflar &nbsp; Kontakt: E-Mail: kontakt@ manuelraabfaber.de Tel.: (0)6441\/3095218 &nbsp; Umsatzsteuer: Umsatzsteuer-Identifikationsnummer gem\u00e4\u00df \u00a727 a Umsatzsteuergesetz: DE295887969 &nbsp; Verantwortlich fu\u0308r den Inhalt nach \u00a7 55 Abs. 2 RStV: Manuel Raab-Faber Jahnstra\u00dfe 4 35614, A\u00dflar-Berghausen &nbsp; Streitschlichtung Wir sind nicht bereit oder verpflichtet, an Streitbeilegungsverfahren vor einer [&hellip;]","og_url":"https:\/\/www.manuelraabfaber.de\/index.php\/impressum-disclaimer\/","og_site_name":"Manuel Raab-Faber","article_publisher":"https:\/\/www.facebook.com\/manuelraabfaberde","article_modified_time":"2022-02-08T20:30:03+00:00","twitter_card":"summary_large_image","twitter_site":"@manuelraabfaber","twitter_misc":{"Gesch\u00e4tzte Lesezeit":"2\u00a0Minuten"},"schema":{"@context":"https:\/\/schema.org","@graph":[{"@type":"WebPage","@id":"https:\/\/www.manuelraabfaber.de\/index.php\/impressum-disclaimer\/","url":"https:\/\/www.manuelraabfaber.de\/index.php\/impressum-disclaimer\/","name":"Impressum & Disclaimer - Manuel Raab-Faber","isPartOf":{"@id":"https:\/\/www.manuelraabfaber.de\/#website"},"datePublished":"2014-04-03T17:54:07+00:00","dateModified":"2022-02-08T20:30:03+00:00","breadcrumb":{"@id":"https:\/\/www.manuelraabfaber.de\/index.php\/impressum-disclaimer\/#breadcrumb"},"inLanguage":"de","potentialAction":[{"@type":"ReadAction","target":["https:\/\/www.manuelraabfaber.de\/index.php\/impressum-disclaimer\/"]}]},{"@type":"BreadcrumbList","@id":"https:\/\/www.manuelraabfaber.de\/index.php\/impressum-disclaimer\/#breadcrumb","itemListElement":[{"@type":"ListItem","position":1,"name":"Startseite","item":"https:\/\/www.manuelraabfaber.de\/"},{"@type":"ListItem","position":2,"name":"Impressum &#038; Disclaimer"}]},{"@type":"WebSite","@id":"https:\/\/www.manuelraabfaber.de\/#website","url":"https:\/\/www.manuelraabfaber.de\/","name":"Manuel Raab-Faber","description":"Social Media | Bloggen | Optimierung","potentialAction":[{"@type":"SearchAction","target":{"@type":"EntryPoint","urlTemplate":"https:\/\/www.manuelraabfaber.de\/?s={search_term_string}"},"query-input":{"@type":"PropertyValueSpecification","valueRequired":true,"valueName":"search_term_string"}}],"inLanguage":"de"}]}},"_links":{"self":[{"href":"https:\/\/www.manuelraabfaber.de\/index.php\/wp-json\/wp\/v2\/pages\/47","targetHints":{"allow":["GET"]}}],"collection":[{"href":"https:\/\/www.manuelraabfaber.de\/index.php\/wp-json\/wp\/v2\/pages"}],"about":[{"href":"https:\/\/www.manuelraabfaber.de\/index.php\/wp-json\/wp\/v2\/types\/page"}],"author":[{"embeddable":true,"href":"https:\/\/www.manuelraabfaber.de\/index.php\/wp-json\/wp\/v2\/users\/1"}],"replies":[{"embeddable":true,"href":"https:\/\/www.manuelraabfaber.de\/index.php\/wp-json\/wp\/v2\/comments?post=47"}],"version-history":[{"count":5,"href":"https:\/\/www.manuelraabfaber.de\/index.php\/wp-json\/wp\/v2\/pages\/47\/revisions"}],"predecessor-version":[{"id":714,"href":"https:\/\/www.manuelraabfaber.de\/index.php\/wp-json\/wp\/v2\/pages\/47\/revisions\/714"}],"wp:attachment":[{"href":"https:\/\/www.manuelraabfaber.de\/index.php\/wp-json\/wp\/v2\/media?parent=47"}],"curies":[{"name":"wp","href":"https:\/\/api.w.org\/{rel}","templated":true}]}}